{"id":204,"date":"2019-06-12T21:58:23","date_gmt":"2019-06-12T19:58:23","guid":{"rendered":"http:\/\/localhost:8888\/wordpress\/wordpress\/impressum\/"},"modified":"2022-01-29T11:40:58","modified_gmt":"2022-01-29T10:40:58","slug":"impressum","status":"publish","type":"page","link":"https:\/\/pow-mosbach.de\/index.php\/impressum\/","title":{"rendered":"Impressum"},"content":{"rendered":"<div>\n<h4><span style=\"font-size: inherit; font-weight: 400;\">Partnerschaft In Einer Welt e.V.<\/span><\/h4>\n<\/div>\n<p>Ulrike Paeper Pfr&#8217;in i. R. <br \/>Sitz:<br \/>Am Henschelberg 44, 74821 Mosbach<\/p>\n<p>Tel: <a>06261\/ 6395090<\/a><\/p>\n<p>E-Mail: <a>paeper@t-online.de<\/a><\/p>\n<p>Registernummer: VR 440536<\/p>\n<p>Registergericht: Amtsgericht Mannheim<\/p>\n<p>Umsatzsteuer-ID: DE179530176<\/p>\n<p>\u00a0<\/p>\n<p>Copyright:<\/p>\n<p>Alle auf den Internet-Seiten von Partnerschaft in einer Welt e.V. enthaltenen Beitr\u00e4ge und Bilder sind urheberrechtlich gesch\u00fctzt. Die Beitr\u00e4ge sind ausschlie\u00dflich f\u00fcr den pers\u00f6nlichen privaten Gebrauch eines Nutzers bestimmt. F\u00fcr\u00a0\u00dcbernahme und Nutzung der Daten zu anderen Zwecken wenden sie sich bitte schriftlich an Partnerschaft in einer Welt e.V. Es bedarf einer schriftlichen Genehmigung. Danke<\/p>\n<p>Bis bald!<\/p>\n\n\n<p><\/p>\n","protected":false},"excerpt":{"rendered":"<p>Partnerschaft In Einer Welt e.V. Ulrike Paeper Pfr&#8217;in i. R. Sitz:Am Henschelberg 44, 74821 Mosbach Tel: 06261\/ 6395090 E-Mail: paeper@t-online.de Registernummer: VR 440536 Registergericht: Amtsgericht Mannheim Umsatzsteuer-ID: DE179530176 \u00a0 Copyright: Alle auf den Internet-Seiten von Partnerschaft in einer Welt e.V. enthaltenen Beitr\u00e4ge und Bilder sind urheberrechtlich gesch\u00fctzt. Die Beitr\u00e4ge sind ausschlie\u00dflich f\u00fcr den pers\u00f6nlichen privaten <a class=\"read-more click\" href=\"https:\/\/pow-mosbach.de\/index.php\/impressum\/\" >[Weiter lesen!]<\/a><\/p>\n","protected":false},"author":1,"featured_media":0,"parent":0,"menu_order":0,"comment_status":"closed","ping_status":"closed","template":"single.php","meta":{"_acf_changed":false,"footnotes":""},"class_list":["post-204","page","type-page","status-publish","hentry"],"acf":[],"jetpack_sharing_enabled":true,"_links":{"self":[{"href":"https:\/\/pow-mosbach.de\/index.php\/wp-json\/wp\/v2\/pages\/204","targetHints":{"allow":["GET"]}}],"collection":[{"href":"https:\/\/pow-mosbach.de\/index.php\/wp-json\/wp\/v2\/pages"}],"about":[{"href":"https:\/\/pow-mosbach.de\/index.php\/wp-json\/wp\/v2\/types\/page"}],"author":[{"embeddable":true,"href":"https:\/\/pow-mosbach.de\/index.php\/wp-json\/wp\/v2\/users\/1"}],"replies":[{"embeddable":true,"href":"https:\/\/pow-mosbach.de\/index.php\/wp-json\/wp\/v2\/comments?post=204"}],"version-history":[{"count":23,"href":"https:\/\/pow-mosbach.de\/index.php\/wp-json\/wp\/v2\/pages\/204\/revisions"}],"predecessor-version":[{"id":944,"href":"https:\/\/pow-mosbach.de\/index.php\/wp-json\/wp\/v2\/pages\/204\/revisions\/944"}],"wp:attachment":[{"href":"https:\/\/pow-mosbach.de\/index.php\/wp-json\/wp\/v2\/media?parent=204"}],"curies":[{"name":"wp","href":"https:\/\/api.w.org\/{rel}","templated":true}]}}